{"id":489,"date":"2024-07-10T10:10:55","date_gmt":"2024-07-10T08:10:55","guid":{"rendered":"https:\/\/www.adquation-em.fr\/?page_id=489"},"modified":"2024-10-04T10:34:54","modified_gmt":"2024-10-04T08:34:54","slug":"mentions-legales","status":"publish","type":"page","link":"https:\/\/www.adquation-em.fr\/?page_id=489","title":{"rendered":"Mentions l\u00e9gales"},"content":{"rendered":"\t\t<div data-elementor-type=\"wp-page\" data-elementor-id=\"489\" class=\"elementor elementor-489\">\n\t\t\t\t<div class=\"elementor-element elementor-element-bb2ecdd e-flex e-con-boxed e-con e-parent\" data-id=\"bb2ecdd\" data-element_type=\"container\" data-settings=\"{&quot;background_background&quot;:&quot;classic&quot;}\">\n\t\t\t\t\t<div class=\"e-con-inner\">\n\t\t<div class=\"elementor-element elementor-element-4f321f9 e-flex e-con-boxed e-con e-child\" data-id=\"4f321f9\" data-element_type=\"container\">\n\t\t\t\t\t<div class=\"e-con-inner\">\n\t\t\t\t<div class=\"elementor-element elementor-element-455cd47 elementor-widget elementor-widget-heading\" data-id=\"455cd47\" data-element_type=\"widget\" data-widget_type=\"heading.default\">\n\t\t\t\t<div class=\"elementor-widget-container\">\n\t\t\t\t\t<h2 class=\"elementor-heading-title elementor-size-default\"><strong>Mentions l\u00e9gales<\/strong><\/h2>\t\t\t\t<\/div>\n\t\t\t\t<\/div>\n\t\t\t\t\t<\/div>\n\t\t\t\t<\/div>\n\t\t\t\t\t<\/div>\n\t\t\t\t<\/div>\n\t\t<div class=\"elementor-element elementor-element-22bf57b e-flex e-con-boxed e-con e-parent\" data-id=\"22bf57b\" data-element_type=\"container\">\n\t\t\t\t\t<div class=\"e-con-inner\">\n\t\t\t\t<div class=\"elementor-element elementor-element-6f12f3a elementor-widget elementor-widget-heading\" data-id=\"6f12f3a\" data-element_type=\"widget\" data-widget_type=\"heading.default\">\n\t\t\t\t<div class=\"elementor-widget-container\">\n\t\t\t\t\t<h2 class=\"elementor-heading-title elementor-size-default\">\u00e9diteur<\/h2>\t\t\t\t<\/div>\n\t\t\t\t<\/div>\n\t\t\t\t<div class=\"elementor-element elementor-element-309ca82 elementor-widget elementor-widget-text-editor\" data-id=\"309ca82\" data-element_type=\"widget\" data-widget_type=\"text-editor.default\">\n\t\t\t\t<div class=\"elementor-widget-container\">\n\t\t\t\t\t\t\t\t\t<p><span><\/span>Le site accessible \u00e0 l&rsquo;adresse\u00a0<a href=\"http:\/\/www.adquation-em.fr\/\">http:\/\/www.adquation-em.fr<\/a>\u00a0est \u00e9dit\u00e9 par la soci\u00e9t\u00e9 ADquation Etudes Marketing \u2013 Soci\u00e9t\u00e9 par actions simplifi\u00e9e au capital de 109 200,00\u20ac, immatricul\u00e9e au RCS de Beauvais sous le num\u00e9ro 487 469 520, dont le si\u00e8ge social est situ\u00e9 : Avenue des Censives \u2013 BP 50333 \u2013 60026 Beauvais Cedex.<br \/><br \/>Num\u00e9ro individuel d\u2019identification : FR 03 487 469 520<br \/><br \/>Num\u00e9ro de t\u00e9l\u00e9phone : 00 33 (0)1 39 20 88 50<br \/><br \/>Directeur de la publication : JULIEN G\u00e9rard<\/p>\t\t\t\t\t\t\t\t<\/div>\n\t\t\t\t<\/div>\n\t\t\t\t\t<\/div>\n\t\t\t\t<\/div>\n\t\t<div class=\"elementor-element elementor-element-dfec89d e-flex e-con-boxed e-con e-parent\" data-id=\"dfec89d\" data-element_type=\"container\">\n\t\t\t\t\t<div class=\"e-con-inner\">\n\t\t\t\t<div class=\"elementor-element elementor-element-05faba0 elementor-widget elementor-widget-heading\" data-id=\"05faba0\" data-element_type=\"widget\" data-widget_type=\"heading.default\">\n\t\t\t\t<div class=\"elementor-widget-container\">\n\t\t\t\t\t<h2 class=\"elementor-heading-title elementor-size-default\">R\u00e9alisation du site Internet et cr\u00e9dits<\/h2>\t\t\t\t<\/div>\n\t\t\t\t<\/div>\n\t\t\t\t<div class=\"elementor-element elementor-element-8d3fa4c elementor-widget elementor-widget-text-editor\" data-id=\"8d3fa4c\" data-element_type=\"widget\" data-widget_type=\"text-editor.default\">\n\t\t\t\t<div class=\"elementor-widget-container\">\n\t\t\t\t\t\t\t\t\t<p>Graphisme : Romain Mahieu, plusdepbleu.fr<br \/>Webdesign : ADquation Etudes Marketing, adquation-em.fr<\/p><p>Phototh\u00e8que : ADquation Etudes Marketing<\/p><p>Cr\u00e9dits photographiques : \u00a9 julien-gremillot-fotolia.com &#8211; \u00a9 krawczyk-fotolia.com &#8211; \u00a9 m-rosenwirth-fotolia.com &#8211; \u00a9 olympixel-fotolia.com<\/p>\t\t\t\t\t\t\t\t<\/div>\n\t\t\t\t<\/div>\n\t\t\t\t\t<\/div>\n\t\t\t\t<\/div>\n\t\t<div class=\"elementor-element elementor-element-7270731 e-flex e-con-boxed e-con e-parent\" data-id=\"7270731\" data-element_type=\"container\">\n\t\t\t\t\t<div class=\"e-con-inner\">\n\t\t\t\t<div class=\"elementor-element elementor-element-7656db5 elementor-widget elementor-widget-heading\" data-id=\"7656db5\" data-element_type=\"widget\" data-widget_type=\"heading.default\">\n\t\t\t\t<div class=\"elementor-widget-container\">\n\t\t\t\t\t<h2 class=\"elementor-heading-title elementor-size-default\">H\u00e9bergeur du site<\/h2>\t\t\t\t<\/div>\n\t\t\t\t<\/div>\n\t\t\t\t<div class=\"elementor-element elementor-element-67a8580 elementor-widget elementor-widget-text-editor\" data-id=\"67a8580\" data-element_type=\"widget\" data-widget_type=\"text-editor.default\">\n\t\t\t\t<div class=\"elementor-widget-container\">\n\t\t\t\t\t\t\t\t\t<p>DIFFERENCE INFO<br \/>7 rue des tisserands 26270 Mirande<br \/><br \/><\/p><p>Num\u00e9ro de t\u00e9l\u00e9phone : 00 33 (0)1 83 62 49 59<\/p>\t\t\t\t\t\t\t\t<\/div>\n\t\t\t\t<\/div>\n\t\t\t\t\t<\/div>\n\t\t\t\t<\/div>\n\t\t<div class=\"elementor-element elementor-element-5ef7a40 e-flex e-con-boxed e-con e-parent\" data-id=\"5ef7a40\" data-element_type=\"container\">\n\t\t\t\t\t<div class=\"e-con-inner\">\n\t\t\t\t<div class=\"elementor-element elementor-element-48f2523 elementor-widget elementor-widget-heading\" data-id=\"48f2523\" data-element_type=\"widget\" data-widget_type=\"heading.default\">\n\t\t\t\t<div class=\"elementor-widget-container\">\n\t\t\t\t\t<h2 class=\"elementor-heading-title elementor-size-default\">Propri\u00e9t\u00e9 intellectuelle<\/h2>\t\t\t\t<\/div>\n\t\t\t\t<\/div>\n\t\t\t\t<div class=\"elementor-element elementor-element-cf16d66 elementor-widget elementor-widget-text-editor\" data-id=\"cf16d66\" data-element_type=\"widget\" data-widget_type=\"text-editor.default\">\n\t\t\t\t<div class=\"elementor-widget-container\">\n\t\t\t\t\t\t\t\t\tTous les documents et les \u00e9l\u00e9ments diffus\u00e9s sur le site\u00a0<u><a href=\"http:\/\/www.adquation-em.fr\/\">http:\/\/www.adquation-em.fr<\/a><\/u>\u00a0sont la propri\u00e9t\u00e9 de la soci\u00e9t\u00e9 ADquation Etudes Marketing et\/ou de ses membres et\/ou partenaires et sont soumis aux lois r\u00e9gissant les droits de propri\u00e9t\u00e9 intellectuelle en France et dans le monde.<br>\nLa repr\u00e9sentation et\/ou la reproduction, m\u00eame partielle, notamment des logiciels, bases de donn\u00e9es, marques, documents, logos, dessins, photographies, illustrations et d\u00e9nominations sociales accessibles sur le site ADquation Etudes Marketing\u00a0<u><a href=\"http:\/\/www.adquation-em.fr\/\">http:\/\/www.adquation-em.fr<\/a><\/u>\u00a0est interdite.\t\t\t\t\t\t\t\t<\/div>\n\t\t\t\t<\/div>\n\t\t\t\t\t<\/div>\n\t\t\t\t<\/div>\n\t\t<div class=\"elementor-element elementor-element-d28375d e-flex e-con-boxed e-con e-parent\" data-id=\"d28375d\" data-element_type=\"container\">\n\t\t\t\t\t<div class=\"e-con-inner\">\n\t\t\t\t<div class=\"elementor-element elementor-element-54ed80d elementor-widget elementor-widget-heading\" data-id=\"54ed80d\" data-element_type=\"widget\" data-widget_type=\"heading.default\">\n\t\t\t\t<div class=\"elementor-widget-container\">\n\t\t\t\t\t<h2 class=\"elementor-heading-title elementor-size-default\">Hyperliens et cookies<\/h2>\t\t\t\t<\/div>\n\t\t\t\t<\/div>\n\t\t\t\t<div class=\"elementor-element elementor-element-3273d26 elementor-widget elementor-widget-text-editor\" data-id=\"3273d26\" data-element_type=\"widget\" data-widget_type=\"text-editor.default\">\n\t\t\t\t<div class=\"elementor-widget-container\">\n\t\t\t\t\t\t\t\t\tToute cr\u00e9ation par un tiers, de lien hypertexte en direction de l&rsquo;une des pages du site\u00a0<u><a href=\"http:\/\/www.adquation-em.fr\/\">http:\/\/www.adquation-em.fr<\/a><\/u>, n\u00e9cessite l&rsquo;accord pr\u00e9alable de la soci\u00e9t\u00e9 ADquation Etudes Marketing.\nLes utilisateurs sont inform\u00e9s que les sites ext\u00e9rieurs auxquels ils peuvent acc\u00e9der par l&rsquo;interm\u00e9diaire des liens hypertextes n&rsquo;appartiennent pas \u00e0 la soci\u00e9t\u00e9 ADquation Etudes Marketing. La soci\u00e9t\u00e9 ADquation Etudes Marketing d\u00e9cline toute responsabilit\u00e9 quant au contenu des informations fournies sur ces sites au titre de l&rsquo;activation du lien.<br>\nDans le cadre de la consultation du site <u><a href=\"http:\/\/www.adquation-em.fr\/\">http:\/\/www.adquation-em.fr<\/a><\/u>, des cookies de navigation peuvent \u00eatre implant\u00e9s dans l&rsquo;ordinateur des visiteurs. Un cookie ne permet pas d&rsquo;identifier le visiteur. En revanche, il enregistre des informations relatives \u00e0 la navigation de l&rsquo;ordinateur de l&rsquo;utilisateur sur le site. L&rsquo;utilisateur a la possibilit\u00e9 de s&rsquo;opposer \u00e0 l&rsquo;enregistrement de cookies en configurant son navigateur Internet en ce sens.\t\t\t\t\t\t\t\t<\/div>\n\t\t\t\t<\/div>\n\t\t\t\t\t<\/div>\n\t\t\t\t<\/div>\n\t\t<div class=\"elementor-element elementor-element-6227e68 e-flex e-con-boxed e-con e-parent\" data-id=\"6227e68\" data-element_type=\"container\">\n\t\t\t\t\t<div class=\"e-con-inner\">\n\t\t\t\t<div class=\"elementor-element elementor-element-2563cfe elementor-widget elementor-widget-heading\" data-id=\"2563cfe\" data-element_type=\"widget\" data-widget_type=\"heading.default\">\n\t\t\t\t<div class=\"elementor-widget-container\">\n\t\t\t\t\t<h2 class=\"elementor-heading-title elementor-size-default\">Protection des donn\u00e9es personnelles<\/h2>\t\t\t\t<\/div>\n\t\t\t\t<\/div>\n\t\t\t\t<div class=\"elementor-element elementor-element-ea7093e elementor-widget elementor-widget-text-editor\" data-id=\"ea7093e\" data-element_type=\"widget\" data-widget_type=\"text-editor.default\">\n\t\t\t\t<div class=\"elementor-widget-container\">\n\t\t\t\t\t\t\t\t\tEn conformit\u00e9 avec les dispositions de la loi n\u00b02018-493 du 20 juin 2018\u00a0relative \u00e0 la protection des donn\u00e9es personnelles, le traitement automatis\u00e9 des donn\u00e9es est r\u00e9alis\u00e9 \u00e0 partir du site web <u><a href=\"http:\/\/www.adquation-em.fr\/\">http:\/\/www.adquation-em.fr<\/a><\/u> et ADquation Etudes Marketing intervient en tant que responsable du traitement au sens de la r\u00e9glementation.<br><br>\n\nLes donn\u00e9es personnelles sont utilis\u00e9es dans les cas pr\u00e9vus par la r\u00e9glementation en vigueur \u00e0 savoir, la gestion des prospects\/clients et le recrutement.<br><br>\n\nCertaines donn\u00e9es doivent \u00eatre obligatoirement communiqu\u00e9es pour que l\u2019utilisateur puisse acc\u00e9der aux services propos\u00e9s par ADquation Etudes Marketing.<br><br>\n\nLes donn\u00e9es collect\u00e9es sont destin\u00e9es aux services de la soci\u00e9t\u00e9 afin de r\u00e9pondre aux demandes des utilisateurs du site, et sont conserv\u00e9es pour la dur\u00e9e strictement n\u00e9cessaire \u00e0 la r\u00e9alisation de ces services. Ces donn\u00e9es peuvent \u00eatre transmises aux soci\u00e9t\u00e9s de Groupe ISAGRI.<br><br>\n\nLes utilisateurs du site disposent d\u2019un droit d\u2019acc\u00e8s, d\u2019opposition, de rectification et de suppression des informations qui les concernent aupr\u00e8s de la soci\u00e9t\u00e9 ADquation Etudes Marketing par courrier -Avenue des Censives \u2013 BP 50333 Tille \u2013 60026 Beauvais Cedex, et ne peut \u00eatre exerc\u00e9 en ligne.<br><br>\n\nLes utilisateurs peuvent \u00e9galement s\u2019adresser \u00e0 la CNIL pour toute r\u00e9clamation.<br><br>\n\nL\u2019ensemble des donn\u00e9es collect\u00e9es et trait\u00e9es par ADquation Etudes Marketing est h\u00e9berg\u00e9 au sein de l\u2019Union Europ\u00e9enne.\t\t\t\t\t\t\t\t<\/div>\n\t\t\t\t<\/div>\n\t\t\t\t\t<\/div>\n\t\t\t\t<\/div>\n\t\t\t\t<\/div>\n\t\t","protected":false},"excerpt":{"rendered":"<p>Mentions l\u00e9gales \u00e9diteur Le site accessible \u00e0 l&rsquo;adresse\u00a0http:\/\/www.adquation-em.fr\u00a0est \u00e9dit\u00e9 par la soci\u00e9t\u00e9 ADquation Etudes Marketing \u2013 Soci\u00e9t\u00e9 par actions simplifi\u00e9e au capital de 109 200,00\u20ac, immatricul\u00e9e au RCS de Beauvais sous le num\u00e9ro 487 469 520, dont le si\u00e8ge social est situ\u00e9 : Avenue des Censives \u2013 BP 50333 \u2013 [&hellip;]<\/p>\n","protected":false},"author":1,"featured_media":0,"parent":0,"menu_order":0,"comment_status":"closed","ping_status":"closed","template":"page-templates\/template-pagebuilder-full-width.php","meta":{"footnotes":""},"class_list":["post-489","page","type-page","status-publish","hentry"],"yoast_head":"<!-- This site is optimized with the Yoast SEO plugin v24.0 - https:\/\/yoast.com\/wordpress\/plugins\/seo\/ -->\n<title>Mentions l\u00e9gales - Adquation Etudes et Data Intelligence<\/title>\n<meta name=\"robots\" content=\"index, follow, max-snippet:-1, max-image-preview:large, max-video-preview:-1\" \/>\n<link rel=\"canonical\" href=\"https:\/\/www.adquation-em.fr\/?page_id=489\" \/>\n<meta property=\"og:locale\" content=\"fr_FR\" \/>\n<meta property=\"og:type\" content=\"article\" \/>\n<meta property=\"og:title\" content=\"Mentions l\u00e9gales - Adquation Etudes et Data Intelligence\" \/>\n<meta property=\"og:description\" content=\"Mentions l\u00e9gales \u00e9diteur Le site accessible \u00e0 l&rsquo;adresse\u00a0http:\/\/www.adquation-em.fr\u00a0est \u00e9dit\u00e9 par la soci\u00e9t\u00e9 ADquation Etudes Marketing \u2013 Soci\u00e9t\u00e9 par actions simplifi\u00e9e au capital de 109 200,00\u20ac, immatricul\u00e9e au RCS de Beauvais sous le num\u00e9ro 487 469 520, dont le si\u00e8ge social est situ\u00e9 : Avenue des Censives \u2013 BP 50333 \u2013 [&hellip;]\" \/>\n<meta property=\"og:url\" content=\"https:\/\/www.adquation-em.fr\/?page_id=489\" \/>\n<meta property=\"og:site_name\" content=\"Adquation Etudes et Data Intelligence\" \/>\n<meta property=\"article:modified_time\" content=\"2024-10-04T08:34:54+00:00\" \/>\n<meta name=\"twitter:card\" content=\"summary_large_image\" \/>\n<meta name=\"twitter:label1\" content=\"Dur\u00e9e de lecture estim\u00e9e\" \/>\n\t<meta name=\"twitter:data1\" content=\"1 minute\" \/>\n<script type=\"application\/ld+json\" class=\"yoast-schema-graph\">{\"@context\":\"https:\/\/schema.org\",\"@graph\":[{\"@type\":\"WebPage\",\"@id\":\"https:\/\/www.adquation-em.fr\/?page_id=489\",\"url\":\"https:\/\/www.adquation-em.fr\/?page_id=489\",\"name\":\"Mentions l\u00e9gales - Adquation Etudes et Data Intelligence\",\"isPartOf\":{\"@id\":\"https:\/\/www.adquation-em.fr\/#website\"},\"datePublished\":\"2024-07-10T08:10:55+00:00\",\"dateModified\":\"2024-10-04T08:34:54+00:00\",\"breadcrumb\":{\"@id\":\"https:\/\/www.adquation-em.fr\/?page_id=489#breadcrumb\"},\"inLanguage\":\"fr-FR\",\"potentialAction\":[{\"@type\":\"ReadAction\",\"target\":[\"https:\/\/www.adquation-em.fr\/?page_id=489\"]}]},{\"@type\":\"BreadcrumbList\",\"@id\":\"https:\/\/www.adquation-em.fr\/?page_id=489#breadcrumb\",\"itemListElement\":[{\"@type\":\"ListItem\",\"position\":1,\"name\":\"Accueil\",\"item\":\"https:\/\/www.adquation-em.fr\/\"},{\"@type\":\"ListItem\",\"position\":2,\"name\":\"Mentions l\u00e9gales\"}]},{\"@type\":\"WebSite\",\"@id\":\"https:\/\/www.adquation-em.fr\/#website\",\"url\":\"https:\/\/www.adquation-em.fr\/\",\"name\":\"Adquation Etudes et Data Intelligence\",\"description\":\"Leader des \u00e9tudes agricoles en France\",\"publisher\":{\"@id\":\"https:\/\/www.adquation-em.fr\/#organization\"},\"potentialAction\":[{\"@type\":\"SearchAction\",\"target\":{\"@type\":\"EntryPoint\",\"urlTemplate\":\"https:\/\/www.adquation-em.fr\/?s={search_term_string}\"},\"query-input\":{\"@type\":\"PropertyValueSpecification\",\"valueRequired\":true,\"valueName\":\"search_term_string\"}}],\"inLanguage\":\"fr-FR\"},{\"@type\":\"Organization\",\"@id\":\"https:\/\/www.adquation-em.fr\/#organization\",\"name\":\"Adquation Etudes et Data Intelligence\",\"url\":\"https:\/\/www.adquation-em.fr\/\",\"logo\":{\"@type\":\"ImageObject\",\"inLanguage\":\"fr-FR\",\"@id\":\"https:\/\/www.adquation-em.fr\/#\/schema\/logo\/image\/\",\"url\":\"https:\/\/www.adquation-em.fr\/wp-content\/uploads\/2024\/05\/cropped-cropped-picto-with-claim_RGB-1.png\",\"contentUrl\":\"https:\/\/www.adquation-em.fr\/wp-content\/uploads\/2024\/05\/cropped-cropped-picto-with-claim_RGB-1.png\",\"width\":2506,\"height\":2161,\"caption\":\"Adquation Etudes et Data Intelligence\"},\"image\":{\"@id\":\"https:\/\/www.adquation-em.fr\/#\/schema\/logo\/image\/\"}}]}<\/script>\n<!-- \/ Yoast SEO plugin. -->","yoast_head_json":{"title":"Mentions l\u00e9gales - Adquation Etudes et Data Intelligence","robots":{"index":"index","follow":"follow","max-snippet":"max-snippet:-1","max-image-preview":"max-image-preview:large","max-video-preview":"max-video-preview:-1"},"canonical":"https:\/\/www.adquation-em.fr\/?page_id=489","og_locale":"fr_FR","og_type":"article","og_title":"Mentions l\u00e9gales - Adquation Etudes et Data Intelligence","og_description":"Mentions l\u00e9gales \u00e9diteur Le site accessible \u00e0 l&rsquo;adresse\u00a0http:\/\/www.adquation-em.fr\u00a0est \u00e9dit\u00e9 par la soci\u00e9t\u00e9 ADquation Etudes Marketing \u2013 Soci\u00e9t\u00e9 par actions simplifi\u00e9e au capital de 109 200,00\u20ac, immatricul\u00e9e au RCS de Beauvais sous le num\u00e9ro 487 469 520, dont le si\u00e8ge social est situ\u00e9 : Avenue des Censives \u2013 BP 50333 \u2013 [&hellip;]","og_url":"https:\/\/www.adquation-em.fr\/?page_id=489","og_site_name":"Adquation Etudes et Data Intelligence","article_modified_time":"2024-10-04T08:34:54+00:00","twitter_card":"summary_large_image","twitter_misc":{"Dur\u00e9e de lecture estim\u00e9e":"1 minute"},"schema":{"@context":"https:\/\/schema.org","@graph":[{"@type":"WebPage","@id":"https:\/\/www.adquation-em.fr\/?page_id=489","url":"https:\/\/www.adquation-em.fr\/?page_id=489","name":"Mentions l\u00e9gales - Adquation Etudes et Data Intelligence","isPartOf":{"@id":"https:\/\/www.adquation-em.fr\/#website"},"datePublished":"2024-07-10T08:10:55+00:00","dateModified":"2024-10-04T08:34:54+00:00","breadcrumb":{"@id":"https:\/\/www.adquation-em.fr\/?page_id=489#breadcrumb"},"inLanguage":"fr-FR","potentialAction":[{"@type":"ReadAction","target":["https:\/\/www.adquation-em.fr\/?page_id=489"]}]},{"@type":"BreadcrumbList","@id":"https:\/\/www.adquation-em.fr\/?page_id=489#breadcrumb","itemListElement":[{"@type":"ListItem","position":1,"name":"Accueil","item":"https:\/\/www.adquation-em.fr\/"},{"@type":"ListItem","position":2,"name":"Mentions l\u00e9gales"}]},{"@type":"WebSite","@id":"https:\/\/www.adquation-em.fr\/#website","url":"https:\/\/www.adquation-em.fr\/","name":"Adquation Etudes et Data Intelligence","description":"Leader des \u00e9tudes agricoles en France","publisher":{"@id":"https:\/\/www.adquation-em.fr\/#organization"},"potentialAction":[{"@type":"SearchAction","target":{"@type":"EntryPoint","urlTemplate":"https:\/\/www.adquation-em.fr\/?s={search_term_string}"},"query-input":{"@type":"PropertyValueSpecification","valueRequired":true,"valueName":"search_term_string"}}],"inLanguage":"fr-FR"},{"@type":"Organization","@id":"https:\/\/www.adquation-em.fr\/#organization","name":"Adquation Etudes et Data Intelligence","url":"https:\/\/www.adquation-em.fr\/","logo":{"@type":"ImageObject","inLanguage":"fr-FR","@id":"https:\/\/www.adquation-em.fr\/#\/schema\/logo\/image\/","url":"https:\/\/www.adquation-em.fr\/wp-content\/uploads\/2024\/05\/cropped-cropped-picto-with-claim_RGB-1.png","contentUrl":"https:\/\/www.adquation-em.fr\/wp-content\/uploads\/2024\/05\/cropped-cropped-picto-with-claim_RGB-1.png","width":2506,"height":2161,"caption":"Adquation Etudes et Data Intelligence"},"image":{"@id":"https:\/\/www.adquation-em.fr\/#\/schema\/logo\/image\/"}}]}},"jetpack_sharing_enabled":true,"_links":{"self":[{"href":"https:\/\/www.adquation-em.fr\/index.php?rest_route=\/wp\/v2\/pages\/489","targetHints":{"allow":["GET"]}}],"collection":[{"href":"https:\/\/www.adquation-em.fr\/index.php?rest_route=\/wp\/v2\/pages"}],"about":[{"href":"https:\/\/www.adquation-em.fr\/index.php?rest_route=\/wp\/v2\/types\/page"}],"author":[{"embeddable":true,"href":"https:\/\/www.adquation-em.fr\/index.php?rest_route=\/wp\/v2\/users\/1"}],"replies":[{"embeddable":true,"href":"https:\/\/www.adquation-em.fr\/index.php?rest_route=%2Fwp%2Fv2%2Fcomments&post=489"}],"version-history":[{"count":28,"href":"https:\/\/www.adquation-em.fr\/index.php?rest_route=\/wp\/v2\/pages\/489\/revisions"}],"predecessor-version":[{"id":1597,"href":"https:\/\/www.adquation-em.fr\/index.php?rest_route=\/wp\/v2\/pages\/489\/revisions\/1597"}],"wp:attachment":[{"href":"https:\/\/www.adquation-em.fr\/index.php?rest_route=%2Fwp%2Fv2%2Fmedia&parent=489"}],"curies":[{"name":"wp","href":"https:\/\/api.w.org\/{rel}","templated":true}]}}